{"id":132,"date":"2017-03-27T07:40:03","date_gmt":"2017-03-27T07:40:03","guid":{"rendered":"https:\/\/rv-laatzen.de\/?page_id=132"},"modified":"2026-01-08T15:39:55","modified_gmt":"2026-01-08T14:39:55","slug":"auslauf-service","status":"publish","type":"page","link":"https:\/\/rv-laatzen.de\/?page_id=132","title":{"rendered":"Auslauf &#038; Service"},"content":{"rendered":"<p>Unsere Pferde erhalten in den Sommermonaten t\u00e4glich Auslauf auf der <strong>Weide<\/strong> \u2013 im Winter sorgen <strong>Paddock<\/strong> oder <strong>F\u00fchranlage<\/strong> f\u00fcr Bewegung und frische Luft (w\u00e4hlbar). Die Pferde stehen in Kleingruppen, falls gew\u00fcnscht aber auch einzeln, direkt neben den anderen Pferden, mit Kontaktm\u00f6glichkeit \u00fcber den Zaun. Jede Gruppe bzw. jedes Pferd hat seine\/n eigene Weide\/Paddock; so wird die Zeit drau\u00dfen maximiert und jede\/r (Gruppe) kann seine\/ihre Weide\/Paddock nach Belieben nutzen.<\/p>\n<p>Dabei kann ein <strong>Bringservice<\/strong> gebucht werden. Dieser Service ist individuell buchbar \u2013 ob jeden Werktag oder bspw. nur zwei Werktage pro Woche kann der Pferdebesitzer selbst entscheiden. Weiterhin kann entschieden werden, ob euer Pferd nur gebracht werden soll und von euch (oder Weide\/Paddockpartnern) irgendwann reingeholt wird, oder ob es auch im Service wieder reinkommt.<\/p>\n<p>Im Winter gibt es zus\u00e4tzlich noch die M\u00f6glichkeit sein Pferd in Eigenregie auf die <strong>Winterweide<\/strong> zu stellen. Das Pferd kann entweder ein Einzelst\u00fcck neben den anderen Pferden, oder aber mit gew\u00fcnschtem\/n Partner\/n zusammen stehen.<\/p>\n<p><img loading=\"lazy\" decoding=\"async\" class=\"alignnone size-full wp-image-274\" src=\"https:\/\/rv-laatzen.de\/wp-content\/uploads\/2017\/03\/Weidegang_3.jpg\" alt=\"\" width=\"1420\" height=\"947\" srcset=\"https:\/\/rv-laatzen.de\/wp-content\/uploads\/2017\/03\/Weidegang_3.jpg 1420w, https:\/\/rv-laatzen.de\/wp-content\/uploads\/2017\/03\/Weidegang_3-300x200.jpg 300w, https:\/\/rv-laatzen.de\/wp-content\/uploads\/2017\/03\/Weidegang_3-768x512.jpg 768w, https:\/\/rv-laatzen.de\/wp-content\/uploads\/2017\/03\/Weidegang_3-1024x683.jpg 1024w\" sizes=\"auto, (max-width: 1420px) 100vw, 1420px\" \/><\/p>\n<p><img loading=\"lazy\" decoding=\"async\" class=\"alignnone size-full wp-image-273\" src=\"https:\/\/rv-laatzen.de\/wp-content\/uploads\/2017\/03\/FA.jpg\" alt=\"\" width=\"1420\" height=\"947\" srcset=\"https:\/\/rv-laatzen.de\/wp-content\/uploads\/2017\/03\/FA.jpg 1420w, https:\/\/rv-laatzen.de\/wp-content\/uploads\/2017\/03\/FA-300x200.jpg 300w, https:\/\/rv-laatzen.de\/wp-content\/uploads\/2017\/03\/FA-768x512.jpg 768w, https:\/\/rv-laatzen.de\/wp-content\/uploads\/2017\/03\/FA-1024x683.jpg 1024w\" sizes=\"auto, (max-width: 1420px) 100vw, 1420px\" \/><\/p>\n<p>&nbsp;<\/p>\n","protected":false},"excerpt":{"rendered":"<p>Unsere Pferde erhalten in den Sommermonaten t\u00e4glich Auslauf auf der Weide \u2013 im Winter sorgen Paddock oder F\u00fchranlage f\u00fcr Bewegung und frische Luft (w\u00e4hlbar). Die Pferde stehen in Kleingruppen, falls gew\u00fcnscht aber auch einzeln, direkt neben den anderen Pferden, mit Kontaktm\u00f6glichkeit \u00fcber den Zaun. Jede Gruppe bzw. jedes Pferd hat seine\/n eigene Weide\/Paddock; so wird&#8230; <\/p>\n","protected":false},"author":1,"featured_media":0,"parent":0,"menu_order":0,"comment_status":"closed","ping_status":"closed","template":"no-sidebar.php","meta":{"footnotes":""},"class_list":["post-132","page","type-page","status-publish","hentry"],"_links":{"self":[{"href":"https:\/\/rv-laatzen.de\/index.php?rest_route=\/wp\/v2\/pages\/132","targetHints":{"allow":["GET"]}}],"collection":[{"href":"https:\/\/rv-laatzen.de\/index.php?rest_route=\/wp\/v2\/pages"}],"about":[{"href":"https:\/\/rv-laatzen.de\/index.php?rest_route=\/wp\/v2\/types\/page"}],"author":[{"embeddable":true,"href":"https:\/\/rv-laatzen.de\/index.php?rest_route=\/wp\/v2\/users\/1"}],"replies":[{"embeddable":true,"href":"https:\/\/rv-laatzen.de\/index.php?rest_route=%2Fwp%2Fv2%2Fcomments&post=132"}],"version-history":[{"count":8,"href":"https:\/\/rv-laatzen.de\/index.php?rest_route=\/wp\/v2\/pages\/132\/revisions"}],"predecessor-version":[{"id":354,"href":"https:\/\/rv-laatzen.de\/index.php?rest_route=\/wp\/v2\/pages\/132\/revisions\/354"}],"wp:attachment":[{"href":"https:\/\/rv-laatzen.de\/index.php?rest_route=%2Fwp%2Fv2%2Fmedia&parent=132"}],"curies":[{"name":"wp","href":"https:\/\/api.w.org\/{rel}","templated":true}]}}