{"id":302,"date":"2017-03-31T11:47:47","date_gmt":"2017-03-31T11:47:47","guid":{"rendered":"https:\/\/rv-laatzen.de\/?page_id=302"},"modified":"2026-01-08T15:10:48","modified_gmt":"2026-01-08T14:10:48","slug":"reitanlageneu","status":"publish","type":"page","link":"https:\/\/rv-laatzen.de\/?page_id=302","title":{"rendered":"Reitanlage"},"content":{"rendered":"<p>Der RVL ist perfekt an den \u00f6ffentlichen Nahverkehr angebunden (<strong>Stra\u00dfenbahnlinie 1 und 2<\/strong>, Haltestellen \u201eLaatzen &#8211; Birkenstra\u00dfe\u201c oder \u201eLaatzen &#8211; Eichstra\u00dfe\u201c) und ist somit auch f\u00fcr Pferdeleute ohne Auto leicht und schnell zu erreichen. <br \/>Au\u00dferdem bietet die Lage unseren Turnierreitern eine sehr <strong>gute Anbindung<\/strong> an Schnellstra\u00dfen und Autobahnen. Im Gegensatz zu dieser stadtnahen Lage finden unsere Reiter bei uns dennoch \u201egr\u00fcne Idylle pur\u201c, die zur Arbeit mit dem Pferd oder einfach zum Relaxen einl\u00e4dt, denn direkt um die Ecke vom Hof beginnt die <strong>Leinemasch<\/strong>.<\/p>\n<p>Unser Springplatz und Dressurplatz kann auch von <strong>externen Reitern, gegen Geb\u00fchr, genutzt werden<\/strong>.<\/p>\n<p>&nbsp;<\/p>\n<p><strong>Unsere Reitanlage bietet:<\/strong><\/p>\n<p><strong>\u2013 Dressurplatz 20 x 60 m mit Flutlicht und automatisierter Bew\u00e4sserung \u2013<\/strong><\/p>\n<p><img loading=\"lazy\" decoding=\"async\" class=\"alignnone size-full wp-image-284\" src=\"https:\/\/rv-laatzen.de\/wp-content\/uploads\/2017\/03\/Dressurplatz3.jpg\" alt=\"\" width=\"1420\" height=\"947\" srcset=\"https:\/\/rv-laatzen.de\/wp-content\/uploads\/2017\/03\/Dressurplatz3.jpg 1420w, https:\/\/rv-laatzen.de\/wp-content\/uploads\/2017\/03\/Dressurplatz3-300x200.jpg 300w, https:\/\/rv-laatzen.de\/wp-content\/uploads\/2017\/03\/Dressurplatz3-768x512.jpg 768w, https:\/\/rv-laatzen.de\/wp-content\/uploads\/2017\/03\/Dressurplatz3-1024x683.jpg 1024w\" sizes=\"auto, (max-width: 1420px) 100vw, 1420px\" \/><\/p>\n<p><img loading=\"lazy\" decoding=\"async\" class=\"alignnone size-full wp-image-283\" src=\"https:\/\/rv-laatzen.de\/wp-content\/uploads\/2017\/03\/Dressur_1.jpg\" alt=\"\" width=\"1420\" height=\"947\" srcset=\"https:\/\/rv-laatzen.de\/wp-content\/uploads\/2017\/03\/Dressur_1.jpg 1420w, https:\/\/rv-laatzen.de\/wp-content\/uploads\/2017\/03\/Dressur_1-300x200.jpg 300w, https:\/\/rv-laatzen.de\/wp-content\/uploads\/2017\/03\/Dressur_1-768x512.jpg 768w, https:\/\/rv-laatzen.de\/wp-content\/uploads\/2017\/03\/Dressur_1-1024x683.jpg 1024w\" sizes=\"auto, (max-width: 1420px) 100vw, 1420px\" \/><\/p>\n<p>&nbsp;<\/p>\n<p><b>\u2013 Springplatz 50 x 70 m mit Billard, Pulvermanns Grab und festem Wassergraben \u2013<\/b><\/p>\n<p><strong><img loading=\"lazy\" decoding=\"async\" class=\"alignnone size-full wp-image-293\" src=\"https:\/\/rv-laatzen.de\/wp-content\/uploads\/2017\/03\/Springplatz_1.jpg\" alt=\"\" width=\"1420\" height=\"1061\" srcset=\"https:\/\/rv-laatzen.de\/wp-content\/uploads\/2017\/03\/Springplatz_1.jpg 1420w, https:\/\/rv-laatzen.de\/wp-content\/uploads\/2017\/03\/Springplatz_1-300x224.jpg 300w, https:\/\/rv-laatzen.de\/wp-content\/uploads\/2017\/03\/Springplatz_1-768x574.jpg 768w, https:\/\/rv-laatzen.de\/wp-content\/uploads\/2017\/03\/Springplatz_1-1024x765.jpg 1024w\" sizes=\"auto, (max-width: 1420px) 100vw, 1420px\" \/><br \/><\/strong><\/p>\n<p>&nbsp;<\/p>\n<p><b>\u2013 Reithalle mit automatisierter Bew\u00e4sserung zum Reiten, Longieren und Laufen Lassen\u00a0\u2013<\/b><\/p>\n<p><img loading=\"lazy\" decoding=\"async\" class=\"alignnone size-full wp-image-294\" src=\"https:\/\/rv-laatzen.de\/wp-content\/uploads\/2017\/03\/Reithalle_1.jpg\" alt=\"\" width=\"1420\" height=\"947\" srcset=\"https:\/\/rv-laatzen.de\/wp-content\/uploads\/2017\/03\/Reithalle_1.jpg 1420w, https:\/\/rv-laatzen.de\/wp-content\/uploads\/2017\/03\/Reithalle_1-300x200.jpg 300w, https:\/\/rv-laatzen.de\/wp-content\/uploads\/2017\/03\/Reithalle_1-768x512.jpg 768w, https:\/\/rv-laatzen.de\/wp-content\/uploads\/2017\/03\/Reithalle_1-1024x683.jpg 1024w\" sizes=\"auto, (max-width: 1420px) 100vw, 1420px\" \/><\/p>\n<p>&nbsp;<\/p>\n<p><strong>\u2013 Ausreiten in der direkt an grenzenden Leinemasch \u2013<\/strong><\/p>\n<p><img loading=\"lazy\" decoding=\"async\" class=\"alignnone size-full wp-image-285\" src=\"https:\/\/rv-laatzen.de\/wp-content\/uploads\/2017\/03\/Leinemasch1.jpg\" alt=\"\" width=\"1420\" height=\"1065\" srcset=\"https:\/\/rv-laatzen.de\/wp-content\/uploads\/2017\/03\/Leinemasch1.jpg 1420w, https:\/\/rv-laatzen.de\/wp-content\/uploads\/2017\/03\/Leinemasch1-300x225.jpg 300w, https:\/\/rv-laatzen.de\/wp-content\/uploads\/2017\/03\/Leinemasch1-768x576.jpg 768w, https:\/\/rv-laatzen.de\/wp-content\/uploads\/2017\/03\/Leinemasch1-1024x768.jpg 1024w\" sizes=\"auto, (max-width: 1420px) 100vw, 1420px\" \/><\/p>\n\n\n<p><\/p>\n","protected":false},"excerpt":{"rendered":"<p>Der RVL ist perfekt an den \u00f6ffentlichen Nahverkehr angebunden (Stra\u00dfenbahnlinie 1 und 2, Haltestellen \u201eLaatzen &#8211; Birkenstra\u00dfe\u201c oder \u201eLaatzen &#8211; Eichstra\u00dfe\u201c) und ist somit auch f\u00fcr Pferdeleute ohne Auto leicht und schnell zu erreichen. Au\u00dferdem bietet die Lage unseren Turnierreitern eine sehr gute Anbindung an Schnellstra\u00dfen und Autobahnen. Im Gegensatz zu dieser stadtnahen Lage finden&#8230; <\/p>\n","protected":false},"author":1,"featured_media":0,"parent":0,"menu_order":0,"comment_status":"closed","ping_status":"closed","template":"no-sidebar.php","meta":{"footnotes":""},"class_list":["post-302","page","type-page","status-publish","hentry"],"_links":{"self":[{"href":"https:\/\/rv-laatzen.de\/index.php?rest_route=\/wp\/v2\/pages\/302","targetHints":{"allow":["GET"]}}],"collection":[{"href":"https:\/\/rv-laatzen.de\/index.php?rest_route=\/wp\/v2\/pages"}],"about":[{"href":"https:\/\/rv-laatzen.de\/index.php?rest_route=\/wp\/v2\/types\/page"}],"author":[{"embeddable":true,"href":"https:\/\/rv-laatzen.de\/index.php?rest_route=\/wp\/v2\/users\/1"}],"replies":[{"embeddable":true,"href":"https:\/\/rv-laatzen.de\/index.php?rest_route=%2Fwp%2Fv2%2Fcomments&post=302"}],"version-history":[{"count":5,"href":"https:\/\/rv-laatzen.de\/index.php?rest_route=\/wp\/v2\/pages\/302\/revisions"}],"predecessor-version":[{"id":350,"href":"https:\/\/rv-laatzen.de\/index.php?rest_route=\/wp\/v2\/pages\/302\/revisions\/350"}],"wp:attachment":[{"href":"https:\/\/rv-laatzen.de\/index.php?rest_route=%2Fwp%2Fv2%2Fmedia&parent=302"}],"curies":[{"name":"wp","href":"https:\/\/api.w.org\/{rel}","templated":true}]}}