{"id":316,"date":"2017-03-31T13:24:10","date_gmt":"2017-03-31T13:24:10","guid":{"rendered":"https:\/\/rv-laatzen.de\/?page_id=316"},"modified":"2026-01-08T15:07:49","modified_gmt":"2026-01-08T14:07:49","slug":"trainer","status":"publish","type":"page","link":"https:\/\/rv-laatzen.de\/?page_id=316","title":{"rendered":"Trainer"},"content":{"rendered":"<p>&nbsp;<\/p>\n<p>Der RVL bietet seinen Einstellern und Mitreitern vielf\u00e4ltige Trainingsm\u00f6glichkeiten f\u00fcr jedes Niveau bei engagierten Reitlehrern. Es k\u00f6nnen auch eigene Trainer mitgebracht werden.<\/p>\n<p>Unser Team besteht aktuell aus:<\/p>\n<p><strong>Dressur: Monika Arnold<\/strong><\/p>\n<p><strong>Springen\/Springgymnastik: <\/strong><b><strong>\u00a0Bianca Lehmann<\/strong><\/b><\/p>\n\n\n<p><\/p>\n","protected":false},"excerpt":{"rendered":"<p>&nbsp; Der RVL bietet seinen Einstellern und Mitreitern vielf\u00e4ltige Trainingsm\u00f6glichkeiten f\u00fcr jedes Niveau bei engagierten Reitlehrern. Es k\u00f6nnen auch eigene Trainer mitgebracht werden. Unser Team besteht aktuell aus: Dressur: Monika Arnold Springen\/Springgymnastik: \u00a0Bianca Lehmann<\/p>\n","protected":false},"author":1,"featured_media":0,"parent":0,"menu_order":0,"comment_status":"closed","ping_status":"closed","template":"no-sidebar.php","meta":{"footnotes":""},"class_list":["post-316","page","type-page","status-publish","hentry"],"_links":{"self":[{"href":"https:\/\/rv-laatzen.de\/index.php?rest_route=\/wp\/v2\/pages\/316","targetHints":{"allow":["GET"]}}],"collection":[{"href":"https:\/\/rv-laatzen.de\/index.php?rest_route=\/wp\/v2\/pages"}],"about":[{"href":"https:\/\/rv-laatzen.de\/index.php?rest_route=\/wp\/v2\/types\/page"}],"author":[{"embeddable":true,"href":"https:\/\/rv-laatzen.de\/index.php?rest_route=\/wp\/v2\/users\/1"}],"replies":[{"embeddable":true,"href":"https:\/\/rv-laatzen.de\/index.php?rest_route=%2Fwp%2Fv2%2Fcomments&post=316"}],"version-history":[{"count":7,"href":"https:\/\/rv-laatzen.de\/index.php?rest_route=\/wp\/v2\/pages\/316\/revisions"}],"predecessor-version":[{"id":349,"href":"https:\/\/rv-laatzen.de\/index.php?rest_route=\/wp\/v2\/pages\/316\/revisions\/349"}],"wp:attachment":[{"href":"https:\/\/rv-laatzen.de\/index.php?rest_route=%2Fwp%2Fv2%2Fmedia&parent=316"}],"curies":[{"name":"wp","href":"https:\/\/api.w.org\/{rel}","templated":true}]}}